{"id":8680,"date":"2020-11-19T17:25:16","date_gmt":"2020-11-19T16:25:16","guid":{"rendered":"https:\/\/nlartz-yuquankou.savviihq.com\/product\/ansichtkaarten-set-installaties\/"},"modified":"2020-11-24T12:43:15","modified_gmt":"2020-11-24T11:43:15","slug":"ansichtkaarten-set-installaties","status":"publish","type":"product","link":"https:\/\/artzuid.nl\/en\/webshop\/gifts\/ansichtkaarten-en\/ansichtkaarten-set-installaties\/","title":{"rendered":"Postcard set: Intallation"},"content":{"rendered":"<p>Every edition Stichting Art Zuid Foundation produces postcards of that year&#8217;s favourite works of art. This set of ARTZUID postcards consists of a collection of 10 art installations from different editions.<\/p>\n<ul>\n<li>Theme: <strong>Art Installations<\/strong><\/li>\n<li>\u20ac1.50 per ARTZUID postcard.<\/li>\n<li>Paper: Single-sided foiled, 330 grams single-sided sulphate cardboard.\n<ul>\n<li>Sulphate cardboard consists of several layers and is therefore very strong and does not break.<\/li>\n<\/ul>\n<\/li>\n<li>The format is A6 15 x 10.4.<\/li>\n<li>Backside provided with &#8216;ARTZUIID &#8211; name artist &#8211; name work of art&#8217;, address lines and place for the stamp.<\/li>\n<li>The card does not include an envelope.<\/li>\n<\/ul>\n<p>For more information about the editions of ARTZUID please check our <a href=\"https:\/\/artzuid.nl\/archief\/\" data-mce-href=\"https:\/\/artzuid.nl\/archief\/\">archive<\/a>!<\/p>\n<p>Follow ARTZUID on <a href=\"https:\/\/www.instagram.com\/artzuid\/\" data-mce-href=\"https:\/\/www.instagram.com\/artzuid\/\">Instagram<\/a><\/p>\n","protected":false},"excerpt":{"rendered":"<p>Every edition Stichting Art Zuid Foundation produces postcards of that year&#8217;s favourite works of art. This set of ARTZUID postcards consists of a collection of 10 art installations from different editions.<\/p>\n<ul>\n<li>Theme: <strong>Art Installations<\/strong><\/li>\n<li>\u20ac1.50 per ARTZUID postcard.<\/li>\n<li>Paper: Single-sided foiled, 330 grams single-sided sulphate cardboard.\n<ul>\n<li>Sulphate cardboard consists of several layers and is therefore very strong and does not break.<\/li>\n<\/ul>\n<\/li>\n<li>The format is A6 15 x 10.4.<\/li>\n<li>Backside provided with &#8216;ARTZUIID &#8211; name artist &#8211; name work of art&#8217;, address lines and place for the stamp.<\/li>\n<li>The card does not include an envelope.<\/li>\n<\/ul>\n<p>For more information about the editions of ARTZUID please check our <a href=\"https:\/\/artzuid.nl\/archief\/\" data-mce-href=\"https:\/\/artzuid.nl\/archief\/\">archive<\/a>!<\/p>\n","protected":false},"featured_media":7614,"template":"","meta":[],"product_brand":[],"product_cat":[163],"product_tag":[164,82],"class_list":{"0":"post-8680","1":"product","2":"type-product","3":"status-publish","4":"has-post-thumbnail","6":"product_cat-ansichtkaarten-en","7":"product_tag-ansichtkaarten-en","8":"product_tag-artzuid-en","9":"description-off","11":"first","12":"outofstock","13":"sale","14":"taxable","15":"shipping-taxable","16":"purchasable","17":"product-type-simple"},"yoast_head":"<!-- This site is optimized with the Yoast SEO plugin v27.4 - https:\/\/yoast.com\/product\/yoast-seo-wordpress\/ -->\n<title>Postcard set: Intallation | Stichting Art Zuid Foundation<\/title>\n<meta name=\"description\" content=\"ARTZUID postcards set expression \u2714\ufe0e \u20ac1.50 per card \u2714\ufe0e Set of 10 cards \u2714\ufe0e ARTZUID originals \u2714\ufe0e order online \u2714\ufe0e support ARTZUID\" \/>\n<meta name=\"robots\" content=\"index, follow, max-snippet:-1, max-image-preview:large, max-video-preview:-1\" \/>\n<link rel=\"canonical\" href=\"https:\/\/artzuid.nl\/en\/webshop\/gifts\/ansichtkaarten-en\/ansichtkaarten-set-installaties\/\" \/>\n<meta property=\"og:locale\" content=\"en_US\" \/>\n<meta property=\"og:type\" content=\"article\" \/>\n<meta property=\"og:title\" content=\"Postcard set: Intallation | Stichting Art Zuid Foundation\" \/>\n<meta property=\"og:description\" content=\"ARTZUID postcards set expression \u2714\ufe0e \u20ac1.50 per card \u2714\ufe0e Set of 10 cards \u2714\ufe0e ARTZUID originals \u2714\ufe0e order online \u2714\ufe0e support ARTZUID\" \/>\n<meta property=\"og:url\" content=\"https:\/\/artzuid.nl\/en\/webshop\/gifts\/ansichtkaarten-en\/ansichtkaarten-set-installaties\/\" \/>\n<meta property=\"og:site_name\" content=\"ARTZUID\" \/>\n<meta property=\"article:publisher\" content=\"https:\/\/www.facebook.com\/artzuid\/\" \/>\n<meta property=\"article:modified_time\" content=\"2020-11-24T11:43:15+00:00\" \/>\n<meta property=\"og:image\" content=\"https:\/\/artzuid.nl\/wp-content\/uploads\/2020\/10\/26-Jes\u00fas-Rafael-Soto_P\u00e9n\u00e9trable-BBL-Bleu-1999-Edition-AVILA-2007-nr.-5-out-of-8_-courtesy-of-Soto-Estate_-ARTZUID-2019-1_tn.jpg\" \/>\n\t<meta property=\"og:image:width\" content=\"468\" \/>\n\t<meta property=\"og:image:height\" content=\"650\" \/>\n\t<meta property=\"og:image:type\" content=\"image\/jpeg\" \/>\n<meta name=\"twitter:card\" content=\"summary_large_image\" \/>\n<meta name=\"twitter:site\" content=\"@artzuid\" \/>\n<meta name=\"twitter:label1\" content=\"Est. reading time\" \/>\n\t<meta name=\"twitter:data1\" content=\"1 minute\" \/>\n<script type=\"application\/ld+json\" class=\"yoast-schema-graph\">{\"@context\":\"https:\\\/\\\/schema.org\",\"@graph\":[{\"@type\":\"WebPage\",\"@id\":\"https:\\\/\\\/artzuid.nl\\\/en\\\/webshop\\\/gifts\\\/ansichtkaarten-en\\\/ansichtkaarten-set-installaties\\\/\",\"url\":\"https:\\\/\\\/artzuid.nl\\\/en\\\/webshop\\\/gifts\\\/ansichtkaarten-en\\\/ansichtkaarten-set-installaties\\\/\",\"name\":\"Postcard set: Intallation | Stichting Art Zuid Foundation\",\"isPartOf\":{\"@id\":\"https:\\\/\\\/artzuid.nl\\\/en\\\/#website\"},\"primaryImageOfPage\":{\"@id\":\"https:\\\/\\\/artzuid.nl\\\/en\\\/webshop\\\/gifts\\\/ansichtkaarten-en\\\/ansichtkaarten-set-installaties\\\/#primaryimage\"},\"image\":{\"@id\":\"https:\\\/\\\/artzuid.nl\\\/en\\\/webshop\\\/gifts\\\/ansichtkaarten-en\\\/ansichtkaarten-set-installaties\\\/#primaryimage\"},\"thumbnailUrl\":\"https:\\\/\\\/artzuid.nl\\\/wp-content\\\/uploads\\\/2020\\\/10\\\/26-Jes\u00fas-Rafael-Soto_P\u00e9n\u00e9trable-BBL-Bleu-1999-Edition-AVILA-2007-nr.-5-out-of-8_-courtesy-of-Soto-Estate_-ARTZUID-2019-1_tn.jpg\",\"datePublished\":\"2020-11-19T16:25:16+00:00\",\"dateModified\":\"2020-11-24T11:43:15+00:00\",\"description\":\"ARTZUID postcards set expression \u2714\ufe0e \u20ac1.50 per card \u2714\ufe0e Set of 10 cards \u2714\ufe0e ARTZUID originals \u2714\ufe0e order online \u2714\ufe0e support ARTZUID\",\"breadcrumb\":{\"@id\":\"https:\\\/\\\/artzuid.nl\\\/en\\\/webshop\\\/gifts\\\/ansichtkaarten-en\\\/ansichtkaarten-set-installaties\\\/#breadcrumb\"},\"inLanguage\":\"en-US\",\"potentialAction\":[{\"@type\":\"ReadAction\",\"target\":[\"https:\\\/\\\/artzuid.nl\\\/en\\\/webshop\\\/gifts\\\/ansichtkaarten-en\\\/ansichtkaarten-set-installaties\\\/\"]}]},{\"@type\":\"ImageObject\",\"inLanguage\":\"en-US\",\"@id\":\"https:\\\/\\\/artzuid.nl\\\/en\\\/webshop\\\/gifts\\\/ansichtkaarten-en\\\/ansichtkaarten-set-installaties\\\/#primaryimage\",\"url\":\"https:\\\/\\\/artzuid.nl\\\/wp-content\\\/uploads\\\/2020\\\/10\\\/26-Jes\u00fas-Rafael-Soto_P\u00e9n\u00e9trable-BBL-Bleu-1999-Edition-AVILA-2007-nr.-5-out-of-8_-courtesy-of-Soto-Estate_-ARTZUID-2019-1_tn.jpg\",\"contentUrl\":\"https:\\\/\\\/artzuid.nl\\\/wp-content\\\/uploads\\\/2020\\\/10\\\/26-Jes\u00fas-Rafael-Soto_P\u00e9n\u00e9trable-BBL-Bleu-1999-Edition-AVILA-2007-nr.-5-out-of-8_-courtesy-of-Soto-Estate_-ARTZUID-2019-1_tn.jpg\",\"width\":468,\"height\":650,\"caption\":\"Jes\u00fas Rafael Soto \u2013 \u2018P\u00e9n\u00e9trable BBL Bleu\u2019 (1999) Edition AVILA 2007, nr. 5 out of 8\"},{\"@type\":\"BreadcrumbList\",\"@id\":\"https:\\\/\\\/artzuid.nl\\\/en\\\/webshop\\\/gifts\\\/ansichtkaarten-en\\\/ansichtkaarten-set-installaties\\\/#breadcrumb\",\"itemListElement\":[{\"@type\":\"ListItem\",\"position\":1,\"name\":\"Home\",\"item\":\"https:\\\/\\\/artzuid.nl\\\/en\\\/\"},{\"@type\":\"ListItem\",\"position\":2,\"name\":\"Webshop\",\"item\":\"https:\\\/\\\/artzuid.nl\\\/webshop\\\/\"},{\"@type\":\"ListItem\",\"position\":3,\"name\":\"Postcard set: Intallation\"}]},{\"@type\":\"WebSite\",\"@id\":\"https:\\\/\\\/artzuid.nl\\\/en\\\/#website\",\"url\":\"https:\\\/\\\/artzuid.nl\\\/en\\\/\",\"name\":\"ARTZUID\",\"description\":\"Amsterdam Sculptuur Bi\u00ebnnale\",\"publisher\":{\"@id\":\"https:\\\/\\\/artzuid.nl\\\/en\\\/#organization\"},\"potentialAction\":[{\"@type\":\"SearchAction\",\"target\":{\"@type\":\"EntryPoint\",\"urlTemplate\":\"https:\\\/\\\/artzuid.nl\\\/en\\\/?s={search_term_string}\"},\"query-input\":{\"@type\":\"PropertyValueSpecification\",\"valueRequired\":true,\"valueName\":\"search_term_string\"}}],\"inLanguage\":\"en-US\"},{\"@type\":\"Organization\",\"@id\":\"https:\\\/\\\/artzuid.nl\\\/en\\\/#organization\",\"name\":\"ARTZUID\",\"url\":\"https:\\\/\\\/artzuid.nl\\\/en\\\/\",\"logo\":{\"@type\":\"ImageObject\",\"inLanguage\":\"en-US\",\"@id\":\"https:\\\/\\\/artzuid.nl\\\/en\\\/#\\\/schema\\\/logo\\\/image\\\/\",\"url\":\"https:\\\/\\\/artzuid.nl\\\/wp-content\\\/uploads\\\/2019\\\/01\\\/DEF-logo-ASB-ARTZUID-NL.png\",\"contentUrl\":\"https:\\\/\\\/artzuid.nl\\\/wp-content\\\/uploads\\\/2019\\\/01\\\/DEF-logo-ASB-ARTZUID-NL.png\",\"width\":516,\"height\":90,\"caption\":\"ARTZUID\"},\"image\":{\"@id\":\"https:\\\/\\\/artzuid.nl\\\/en\\\/#\\\/schema\\\/logo\\\/image\\\/\"},\"sameAs\":[\"https:\\\/\\\/www.facebook.com\\\/artzuid\\\/\",\"https:\\\/\\\/x.com\\\/artzuid\",\"https:\\\/\\\/www.instagram.com\\\/artzuid\\\/\",\"https:\\\/\\\/www.linkedin.com\\\/company\\\/9342178\",\"https:\\\/\\\/nl.pinterest.com\\\/artzuid\\\/\",\"https:\\\/\\\/www.youtube.com\\\/user\\\/Artzuid\",\"https:\\\/\\\/nl.wikipedia.org\\\/wiki\\\/ArtZuid\"]}]}<\/script>\n<!-- \/ Yoast SEO plugin. -->","yoast_head_json":{"title":"Postcard set: Intallation | Stichting Art Zuid Foundation","description":"ARTZUID postcards set expression \u2714\ufe0e \u20ac1.50 per card \u2714\ufe0e Set of 10 cards \u2714\ufe0e ARTZUID originals \u2714\ufe0e order online \u2714\ufe0e support ARTZUID","robots":{"index":"index","follow":"follow","max-snippet":"max-snippet:-1","max-image-preview":"max-image-preview:large","max-video-preview":"max-video-preview:-1"},"canonical":"https:\/\/artzuid.nl\/en\/webshop\/gifts\/ansichtkaarten-en\/ansichtkaarten-set-installaties\/","og_locale":"en_US","og_type":"article","og_title":"Postcard set: Intallation | Stichting Art Zuid Foundation","og_description":"ARTZUID postcards set expression \u2714\ufe0e \u20ac1.50 per card \u2714\ufe0e Set of 10 cards \u2714\ufe0e ARTZUID originals \u2714\ufe0e order online \u2714\ufe0e support ARTZUID","og_url":"https:\/\/artzuid.nl\/en\/webshop\/gifts\/ansichtkaarten-en\/ansichtkaarten-set-installaties\/","og_site_name":"ARTZUID","article_publisher":"https:\/\/www.facebook.com\/artzuid\/","article_modified_time":"2020-11-24T11:43:15+00:00","og_image":[{"width":468,"height":650,"url":"https:\/\/artzuid.nl\/wp-content\/uploads\/2020\/10\/26-Jes\u00fas-Rafael-Soto_P\u00e9n\u00e9trable-BBL-Bleu-1999-Edition-AVILA-2007-nr.-5-out-of-8_-courtesy-of-Soto-Estate_-ARTZUID-2019-1_tn.jpg","type":"image\/jpeg"}],"twitter_card":"summary_large_image","twitter_site":"@artzuid","twitter_misc":{"Est. reading time":"1 minute"},"schema":{"@context":"https:\/\/schema.org","@graph":[{"@type":"WebPage","@id":"https:\/\/artzuid.nl\/en\/webshop\/gifts\/ansichtkaarten-en\/ansichtkaarten-set-installaties\/","url":"https:\/\/artzuid.nl\/en\/webshop\/gifts\/ansichtkaarten-en\/ansichtkaarten-set-installaties\/","name":"Postcard set: Intallation | Stichting Art Zuid Foundation","isPartOf":{"@id":"https:\/\/artzuid.nl\/en\/#website"},"primaryImageOfPage":{"@id":"https:\/\/artzuid.nl\/en\/webshop\/gifts\/ansichtkaarten-en\/ansichtkaarten-set-installaties\/#primaryimage"},"image":{"@id":"https:\/\/artzuid.nl\/en\/webshop\/gifts\/ansichtkaarten-en\/ansichtkaarten-set-installaties\/#primaryimage"},"thumbnailUrl":"https:\/\/artzuid.nl\/wp-content\/uploads\/2020\/10\/26-Jes\u00fas-Rafael-Soto_P\u00e9n\u00e9trable-BBL-Bleu-1999-Edition-AVILA-2007-nr.-5-out-of-8_-courtesy-of-Soto-Estate_-ARTZUID-2019-1_tn.jpg","datePublished":"2020-11-19T16:25:16+00:00","dateModified":"2020-11-24T11:43:15+00:00","description":"ARTZUID postcards set expression \u2714\ufe0e \u20ac1.50 per card \u2714\ufe0e Set of 10 cards \u2714\ufe0e ARTZUID originals \u2714\ufe0e order online \u2714\ufe0e support ARTZUID","breadcrumb":{"@id":"https:\/\/artzuid.nl\/en\/webshop\/gifts\/ansichtkaarten-en\/ansichtkaarten-set-installaties\/#breadcrumb"},"inLanguage":"en-US","potentialAction":[{"@type":"ReadAction","target":["https:\/\/artzuid.nl\/en\/webshop\/gifts\/ansichtkaarten-en\/ansichtkaarten-set-installaties\/"]}]},{"@type":"ImageObject","inLanguage":"en-US","@id":"https:\/\/artzuid.nl\/en\/webshop\/gifts\/ansichtkaarten-en\/ansichtkaarten-set-installaties\/#primaryimage","url":"https:\/\/artzuid.nl\/wp-content\/uploads\/2020\/10\/26-Jes\u00fas-Rafael-Soto_P\u00e9n\u00e9trable-BBL-Bleu-1999-Edition-AVILA-2007-nr.-5-out-of-8_-courtesy-of-Soto-Estate_-ARTZUID-2019-1_tn.jpg","contentUrl":"https:\/\/artzuid.nl\/wp-content\/uploads\/2020\/10\/26-Jes\u00fas-Rafael-Soto_P\u00e9n\u00e9trable-BBL-Bleu-1999-Edition-AVILA-2007-nr.-5-out-of-8_-courtesy-of-Soto-Estate_-ARTZUID-2019-1_tn.jpg","width":468,"height":650,"caption":"Jes\u00fas Rafael Soto \u2013 \u2018P\u00e9n\u00e9trable BBL Bleu\u2019 (1999) Edition AVILA 2007, nr. 5 out of 8"},{"@type":"BreadcrumbList","@id":"https:\/\/artzuid.nl\/en\/webshop\/gifts\/ansichtkaarten-en\/ansichtkaarten-set-installaties\/#breadcrumb","itemListElement":[{"@type":"ListItem","position":1,"name":"Home","item":"https:\/\/artzuid.nl\/en\/"},{"@type":"ListItem","position":2,"name":"Webshop","item":"https:\/\/artzuid.nl\/webshop\/"},{"@type":"ListItem","position":3,"name":"Postcard set: Intallation"}]},{"@type":"WebSite","@id":"https:\/\/artzuid.nl\/en\/#website","url":"https:\/\/artzuid.nl\/en\/","name":"ARTZUID","description":"Amsterdam Sculptuur Bi\u00ebnnale","publisher":{"@id":"https:\/\/artzuid.nl\/en\/#organization"},"potentialAction":[{"@type":"SearchAction","target":{"@type":"EntryPoint","urlTemplate":"https:\/\/artzuid.nl\/en\/?s={search_term_string}"},"query-input":{"@type":"PropertyValueSpecification","valueRequired":true,"valueName":"search_term_string"}}],"inLanguage":"en-US"},{"@type":"Organization","@id":"https:\/\/artzuid.nl\/en\/#organization","name":"ARTZUID","url":"https:\/\/artzuid.nl\/en\/","logo":{"@type":"ImageObject","inLanguage":"en-US","@id":"https:\/\/artzuid.nl\/en\/#\/schema\/logo\/image\/","url":"https:\/\/artzuid.nl\/wp-content\/uploads\/2019\/01\/DEF-logo-ASB-ARTZUID-NL.png","contentUrl":"https:\/\/artzuid.nl\/wp-content\/uploads\/2019\/01\/DEF-logo-ASB-ARTZUID-NL.png","width":516,"height":90,"caption":"ARTZUID"},"image":{"@id":"https:\/\/artzuid.nl\/en\/#\/schema\/logo\/image\/"},"sameAs":["https:\/\/www.facebook.com\/artzuid\/","https:\/\/x.com\/artzuid","https:\/\/www.instagram.com\/artzuid\/","https:\/\/www.linkedin.com\/company\/9342178","https:\/\/nl.pinterest.com\/artzuid\/","https:\/\/www.youtube.com\/user\/Artzuid","https:\/\/nl.wikipedia.org\/wiki\/ArtZuid"]}]}},"jetpack_sharing_enabled":true,"_links":{"self":[{"href":"https:\/\/artzuid.nl\/en\/wp-json\/wp\/v2\/product\/8680","targetHints":{"allow":["GET"]}}],"collection":[{"href":"https:\/\/artzuid.nl\/en\/wp-json\/wp\/v2\/product"}],"about":[{"href":"https:\/\/artzuid.nl\/en\/wp-json\/wp\/v2\/types\/product"}],"wp:featuredmedia":[{"embeddable":true,"href":"https:\/\/artzuid.nl\/en\/wp-json\/wp\/v2\/media\/7614"}],"wp:attachment":[{"href":"https:\/\/artzuid.nl\/en\/wp-json\/wp\/v2\/media?parent=8680"}],"wp:term":[{"taxonomy":"product_brand","embeddable":true,"href":"https:\/\/artzuid.nl\/en\/wp-json\/wp\/v2\/product_brand?post=8680"},{"taxonomy":"product_cat","embeddable":true,"href":"https:\/\/artzuid.nl\/en\/wp-json\/wp\/v2\/product_cat?post=8680"},{"taxonomy":"product_tag","embeddable":true,"href":"https:\/\/artzuid.nl\/en\/wp-json\/wp\/v2\/product_tag?post=8680"}],"curies":[{"name":"wp","href":"https:\/\/api.w.org\/{rel}","templated":true}]}}